{"id":1910,"date":"2024-11-20T19:46:33","date_gmt":"2024-11-20T19:46:33","guid":{"rendered":"https:\/\/aoesrt.ma\/discours-du-president\/"},"modified":"2024-12-12T18:15:29","modified_gmt":"2024-12-12T18:15:29","slug":"mot-du-president","status":"publish","type":"page","link":"https:\/\/aoesrt.ma\/fr\/mot-du-president\/","title":{"rendered":"Mot du pr\u00e9sident"},"content":{"rendered":"\t\t<div data-elementor-type=\"wp-page\" data-elementor-id=\"1910\" class=\"elementor elementor-1910 elementor-1854\" data-elementor-settings=\"{&quot;element_pack_global_tooltip_width&quot;:{&quot;unit&quot;:&quot;px&quot;,&quot;size&quot;:&quot;&quot;,&quot;sizes&quot;:[]},&quot;element_pack_global_tooltip_width_tablet&quot;:{&quot;unit&quot;:&quot;px&quot;,&quot;size&quot;:&quot;&quot;,&quot;sizes&quot;:[]},&quot;element_pack_global_tooltip_width_mobile&quot;:{&quot;unit&quot;:&quot;px&quot;,&quot;size&quot;:&quot;&quot;,&quot;sizes&quot;:[]},&quot;element_pack_global_tooltip_padding&quot;:{&quot;unit&quot;:&quot;px&quot;,&quot;top&quot;:&quot;&quot;,&quot;right&quot;:&quot;&quot;,&quot;bottom&quot;:&quot;&quot;,&quot;left&quot;:&quot;&quot;,&quot;isLinked&quot;:true},&quot;element_pack_global_tooltip_padding_tablet&quot;:{&quot;unit&quot;:&quot;px&quot;,&quot;top&quot;:&quot;&quot;,&quot;right&quot;:&quot;&quot;,&quot;bottom&quot;:&quot;&quot;,&quot;left&quot;:&quot;&quot;,&quot;isLinked&quot;:true},&quot;element_pack_global_tooltip_padding_mobile&quot;:{&quot;unit&quot;:&quot;px&quot;,&quot;top&quot;:&quot;&quot;,&quot;right&quot;:&quot;&quot;,&quot;bottom&quot;:&quot;&quot;,&quot;left&quot;:&quot;&quot;,&quot;isLinked&quot;:true},&quot;element_pack_global_tooltip_border_radius&quot;:{&quot;unit&quot;:&quot;px&quot;,&quot;top&quot;:&quot;&quot;,&quot;right&quot;:&quot;&quot;,&quot;bottom&quot;:&quot;&quot;,&quot;left&quot;:&quot;&quot;,&quot;isLinked&quot;:true},&quot;element_pack_global_tooltip_border_radius_tablet&quot;:{&quot;unit&quot;:&quot;px&quot;,&quot;top&quot;:&quot;&quot;,&quot;right&quot;:&quot;&quot;,&quot;bottom&quot;:&quot;&quot;,&quot;left&quot;:&quot;&quot;,&quot;isLinked&quot;:true},&quot;element_pack_global_tooltip_border_radius_mobile&quot;:{&quot;unit&quot;:&quot;px&quot;,&quot;top&quot;:&quot;&quot;,&quot;right&quot;:&quot;&quot;,&quot;bottom&quot;:&quot;&quot;,&quot;left&quot;:&quot;&quot;,&quot;isLinked&quot;:true}}\">\n\t\t\t\t<div class=\"elementor-element elementor-element-62a0fcb6 e-flex e-con-boxed e-con e-parent\" data-id=\"62a0fcb6\" data-element_type=\"container\" data-e-type=\"container\">\n\t\t\t\t\t<div class=\"e-con-inner\">\n\t\t\t\t<div class=\"elementor-element elementor-element-5513feb1 elementor-widget elementor-widget-text-editor\" data-id=\"5513feb1\" data-element_type=\"widget\" data-e-type=\"widget\" data-widget_type=\"text-editor.default\">\n\t\t\t\t<div class=\"elementor-widget-container\">\n\t\t\t\t\t\t\t\t\t<div dir=\"rtl\"><p>Au nom d&#8217;Allah, le Mis\u00e9ricordieux, le Compatissant<\/p><p>Que la paix et les b\u00e9n\u00e9dictions soient sur notre ma\u00eetre Muhammad, sa famille et ses compagnons.<\/p><p>Chers salari\u00e9s de Renault.<\/p><p>La promotion des actions sociales de nos membres est une priorit\u00e9 essentielle au c\u0153ur des objectifs de l&#8217;usine Renault Tanger. Nous savons que les personnes sont la pierre angulaire du succ\u00e8s de toute organisation, c&#8217;est pourquoi nous travaillons sans rel\u00e2che \u00e0 l&#8217;am\u00e9lioration de leurs conditions de travail et de leur bien-\u00eatre.<\/p><p>\u00c0 cet \u00e9gard, nous tenons \u00e0 reconna\u00eetre nos employ\u00e9s et \u00e0 leur permettre de b\u00e9n\u00e9ficier de tous les moyens d&#8217;attention et de motivation, car ils sont consid\u00e9r\u00e9s comme une v\u00e9ritable richesse qui m\u00e9rite notre attention et notre soutien. Nous pensons qu&#8217;un environnement de travail positif et encourageant se r\u00e9percute positivement sur leur productivit\u00e9 et favorise l&#8217;esprit d&#8217;\u00e9quipe.<\/p><p>Nous avons mis en place un syst\u00e8me int\u00e9gr\u00e9 de services sociaux qui prend soin des ressources humaines en fournissant une aide financi\u00e8re directe \u00e0 des fins sanitaires et sociales, permettant aux employ\u00e9s de faire face aux d\u00e9fis quotidiens. En outre, nous fournissons divers services m\u00e9dicaux, \u00e9ducatifs et r\u00e9cr\u00e9atifs aux familles des employ\u00e9s de l&#8217;usine, am\u00e9liorant ainsi leur qualit\u00e9 de vie.<\/p><p>Nous organisons \u00e9galement des activit\u00e9s de camping et de p\u00e8lerinage, qui offrent une opportunit\u00e9 de communication et d&#8217;interaction entre les salari\u00e9s et leurs familles, et renforcent les liens sociaux. Nous encourageons \u00e9galement l&#8217;excellence acad\u00e9mique de nos membres, en offrant des bourses et une aide \u00e0 l&#8217;\u00e9ducation \u00e0 ceux qui excellent, afin de motiver les nouvelles g\u00e9n\u00e9rations \u00e0 r\u00e9aliser leurs ambitions.<\/p><p>Pour soutenir cette d\u00e9marche sociale ambitieuse, nous travaillons en permanence \u00e0 l&#8217;am\u00e9lioration et \u00e0 l&#8217;\u00e9largissement de l&#8217;offre de services, en \u00e9tant \u00e0 l&#8217;\u00e9coute des opinions et des attentes des salari\u00e9s. Nous nous effor\u00e7ons d&#8217;optimiser et de diversifier l&#8217;offre sociale dans ses diff\u00e9rentes dimensions, afin de r\u00e9pondre aux besoins de tous les participants.<\/p><p>Nous pensons que le travail d&#8217;\u00e9quipe et la collaboration sont la cl\u00e9 d&#8217;un succ\u00e8s durable et nous nous effor\u00e7ons de promouvoir ces valeurs dans toutes nos activit\u00e9s. Travaillons ensemble, main dans la main, pour cr\u00e9er un meilleur environnement de travail pour tous.<\/p><p>Qu&#8217;Allah soit le garant de la r\u00e9ussite<\/p><\/div>\t\t\t\t\t\t\t\t<\/div>\n\t\t\t\t<\/div>\n\t\t\t\t\t<\/div>\n\t\t\t\t<\/div>\n\t\t\t\t<\/div>\n\t\t","protected":false},"excerpt":{"rendered":"<p>Au nom d&#8217;Allah, le Mis\u00e9ricordieux, le Compatissant Que la paix et les b\u00e9n\u00e9dictions soient sur notre ma\u00eetre Muhammad, sa famille et ses compagnons. Chers salari\u00e9s de Renault. La promotion des actions sociales de nos membres est une priorit\u00e9 essentielle au c\u0153ur des objectifs de l&#8217;usine Renault Tanger. Nous savons que les personnes sont la pierre [&hellip;]<\/p>\n","protected":false},"author":1,"featured_media":0,"parent":0,"menu_order":0,"comment_status":"closed","ping_status":"closed","template":"","meta":{"footnotes":""},"class_list":["post-1910","page","type-page","status-publish","hentry"],"yoast_head":"<!-- This site is optimized with the Yoast SEO plugin v24.3 - https:\/\/yoast.com\/wordpress\/plugins\/seo\/ -->\n<title>Mot du pr\u00e9sident - \u062c\u0645\u0639\u064a\u0629 \u0627\u0644\u0623\u0639\u0645\u0627\u0644 \u0627\u0644\u0627\u062c\u062a\u0645\u0627\u0639\u064a\u0629 \u0644\u0645\u0639\u0645\u0644 \u0631\u0648\u0646\u0648 \u0637\u0646\u062c\u0629<\/title>\n<meta name=\"robots\" content=\"index, follow, max-snippet:-1, max-image-preview:large, max-video-preview:-1\" \/>\n<link rel=\"canonical\" href=\"https:\/\/aoesrt.ma\/\u0643\u0644\u0645\u0629-\u0627\u0644\u0631\u0626\u064a\u0633\/\" \/>\n<meta property=\"og:locale\" content=\"fr_FR\" \/>\n<meta property=\"og:type\" content=\"article\" \/>\n<meta property=\"og:title\" content=\"Mot du pr\u00e9sident - \u062c\u0645\u0639\u064a\u0629 \u0627\u0644\u0623\u0639\u0645\u0627\u0644 \u0627\u0644\u0627\u062c\u062a\u0645\u0627\u0639\u064a\u0629 \u0644\u0645\u0639\u0645\u0644 \u0631\u0648\u0646\u0648 \u0637\u0646\u062c\u0629\" \/>\n<meta property=\"og:description\" content=\"Au nom d&#8217;Allah, le Mis\u00e9ricordieux, le Compatissant Que la paix et les b\u00e9n\u00e9dictions soient sur notre ma\u00eetre Muhammad, sa famille et ses compagnons. Chers salari\u00e9s de Renault. La promotion des actions sociales de nos membres est une priorit\u00e9 essentielle au c\u0153ur des objectifs de l&#8217;usine Renault Tanger. Nous savons que les personnes sont la pierre [&hellip;]\" \/>\n<meta property=\"og:url\" content=\"https:\/\/aoesrt.ma\/\u0643\u0644\u0645\u0629-\u0627\u0644\u0631\u0626\u064a\u0633\/\" \/>\n<meta property=\"og:site_name\" content=\"\u062c\u0645\u0639\u064a\u0629 \u0627\u0644\u0623\u0639\u0645\u0627\u0644 \u0627\u0644\u0627\u062c\u062a\u0645\u0627\u0639\u064a\u0629 \u0644\u0645\u0639\u0645\u0644 \u0631\u0648\u0646\u0648 \u0637\u0646\u062c\u0629\" \/>\n<meta property=\"article:publisher\" content=\"https:\/\/web.facebook.com\/Renault.Nissan.Tanger2019\" \/>\n<meta property=\"article:modified_time\" content=\"2024-12-12T18:15:29+00:00\" \/>\n<meta name=\"twitter:card\" content=\"summary_large_image\" \/>\n<meta name=\"twitter:label1\" content=\"Dur\u00e9e de lecture estim\u00e9e\" \/>\n\t<meta name=\"twitter:data1\" content=\"2 minutes\" \/>\n<script type=\"application\/ld+json\" class=\"yoast-schema-graph\">{\"@context\":\"https:\/\/schema.org\",\"@graph\":[{\"@type\":\"WebPage\",\"@id\":\"https:\/\/aoesrt.ma\/%d9%83%d9%84%d9%85%d8%a9-%d8%a7%d9%84%d8%b1%d8%a6%d9%8a%d8%b3\/\",\"url\":\"https:\/\/aoesrt.ma\/%d9%83%d9%84%d9%85%d8%a9-%d8%a7%d9%84%d8%b1%d8%a6%d9%8a%d8%b3\/\",\"name\":\"Mot du pr\u00e9sident - \u062c\u0645\u0639\u064a\u0629 \u0627\u0644\u0623\u0639\u0645\u0627\u0644 \u0627\u0644\u0627\u062c\u062a\u0645\u0627\u0639\u064a\u0629 \u0644\u0645\u0639\u0645\u0644 \u0631\u0648\u0646\u0648 \u0637\u0646\u062c\u0629\",\"isPartOf\":{\"@id\":\"https:\/\/aoesrt.ma\/#website\"},\"datePublished\":\"2024-11-20T19:46:33+00:00\",\"dateModified\":\"2024-12-12T18:15:29+00:00\",\"breadcrumb\":{\"@id\":\"https:\/\/aoesrt.ma\/%d9%83%d9%84%d9%85%d8%a9-%d8%a7%d9%84%d8%b1%d8%a6%d9%8a%d8%b3\/#breadcrumb\"},\"inLanguage\":\"fr-FR\",\"potentialAction\":[{\"@type\":\"ReadAction\",\"target\":[\"https:\/\/aoesrt.ma\/%d9%83%d9%84%d9%85%d8%a9-%d8%a7%d9%84%d8%b1%d8%a6%d9%8a%d8%b3\/\"]}]},{\"@type\":\"BreadcrumbList\",\"@id\":\"https:\/\/aoesrt.ma\/%d9%83%d9%84%d9%85%d8%a9-%d8%a7%d9%84%d8%b1%d8%a6%d9%8a%d8%b3\/#breadcrumb\",\"itemListElement\":[{\"@type\":\"ListItem\",\"position\":1,\"name\":\"Accueil\",\"item\":\"https:\/\/aoesrt.ma\/\"},{\"@type\":\"ListItem\",\"position\":2,\"name\":\"Mot du pr\u00e9sident\"}]},{\"@type\":\"WebSite\",\"@id\":\"https:\/\/aoesrt.ma\/#website\",\"url\":\"https:\/\/aoesrt.ma\/\",\"name\":\"\u062c\u0645\u0639\u064a\u0629 \u0627\u0644\u0623\u0639\u0645\u0627\u0644 \u0627\u0644\u0627\u062c\u062a\u0645\u0627\u0639\u064a\u0629 \u0644\u0645\u0635\u0646\u0639 \u0631\u0648\u0646\u0648 \u0637\u0646\u062c\u0629\",\"description\":\"AOESRT\",\"publisher\":{\"@id\":\"https:\/\/aoesrt.ma\/#organization\"},\"potentialAction\":[{\"@type\":\"SearchAction\",\"target\":{\"@type\":\"EntryPoint\",\"urlTemplate\":\"https:\/\/aoesrt.ma\/?s={search_term_string}\"},\"query-input\":{\"@type\":\"PropertyValueSpecification\",\"valueRequired\":true,\"valueName\":\"search_term_string\"}}],\"inLanguage\":\"fr-FR\"},{\"@type\":\"Organization\",\"@id\":\"https:\/\/aoesrt.ma\/#organization\",\"name\":\"\u062c\u0645\u0639\u064a\u0629 \u0627\u0644\u0623\u0639\u0645\u0627\u0644 \u0627\u0644\u0627\u062c\u062a\u0645\u0627\u0639\u064a\u0629 \u0644\u0645\u0635\u0646\u0639 \u0631\u0648\u0646\u0648 \u0637\u0646\u062c\u0629\",\"url\":\"https:\/\/aoesrt.ma\/\",\"logo\":{\"@type\":\"ImageObject\",\"inLanguage\":\"fr-FR\",\"@id\":\"https:\/\/aoesrt.ma\/#\/schema\/logo\/image\/\",\"url\":\"https:\/\/aoesrt.ma\/wp-content\/uploads\/2024\/10\/cropped-favicon.webp\",\"contentUrl\":\"https:\/\/aoesrt.ma\/wp-content\/uploads\/2024\/10\/cropped-favicon.webp\",\"width\":512,\"height\":512,\"caption\":\"\u062c\u0645\u0639\u064a\u0629 \u0627\u0644\u0623\u0639\u0645\u0627\u0644 \u0627\u0644\u0627\u062c\u062a\u0645\u0627\u0639\u064a\u0629 \u0644\u0645\u0635\u0646\u0639 \u0631\u0648\u0646\u0648 \u0637\u0646\u062c\u0629\"},\"image\":{\"@id\":\"https:\/\/aoesrt.ma\/#\/schema\/logo\/image\/\"},\"sameAs\":[\"https:\/\/web.facebook.com\/Renault.Nissan.Tanger2019\"]}]}<\/script>\n<!-- \/ Yoast SEO plugin. -->","yoast_head_json":{"title":"Mot du pr\u00e9sident - \u062c\u0645\u0639\u064a\u0629 \u0627\u0644\u0623\u0639\u0645\u0627\u0644 \u0627\u0644\u0627\u062c\u062a\u0645\u0627\u0639\u064a\u0629 \u0644\u0645\u0639\u0645\u0644 \u0631\u0648\u0646\u0648 \u0637\u0646\u062c\u0629","robots":{"index":"index","follow":"follow","max-snippet":"max-snippet:-1","max-image-preview":"max-image-preview:large","max-video-preview":"max-video-preview:-1"},"canonical":"https:\/\/aoesrt.ma\/\u0643\u0644\u0645\u0629-\u0627\u0644\u0631\u0626\u064a\u0633\/","og_locale":"fr_FR","og_type":"article","og_title":"Mot du pr\u00e9sident - \u062c\u0645\u0639\u064a\u0629 \u0627\u0644\u0623\u0639\u0645\u0627\u0644 \u0627\u0644\u0627\u062c\u062a\u0645\u0627\u0639\u064a\u0629 \u0644\u0645\u0639\u0645\u0644 \u0631\u0648\u0646\u0648 \u0637\u0646\u062c\u0629","og_description":"Au nom d&#8217;Allah, le Mis\u00e9ricordieux, le Compatissant Que la paix et les b\u00e9n\u00e9dictions soient sur notre ma\u00eetre Muhammad, sa famille et ses compagnons. Chers salari\u00e9s de Renault. La promotion des actions sociales de nos membres est une priorit\u00e9 essentielle au c\u0153ur des objectifs de l&#8217;usine Renault Tanger. Nous savons que les personnes sont la pierre [&hellip;]","og_url":"https:\/\/aoesrt.ma\/\u0643\u0644\u0645\u0629-\u0627\u0644\u0631\u0626\u064a\u0633\/","og_site_name":"\u062c\u0645\u0639\u064a\u0629 \u0627\u0644\u0623\u0639\u0645\u0627\u0644 \u0627\u0644\u0627\u062c\u062a\u0645\u0627\u0639\u064a\u0629 \u0644\u0645\u0639\u0645\u0644 \u0631\u0648\u0646\u0648 \u0637\u0646\u062c\u0629","article_publisher":"https:\/\/web.facebook.com\/Renault.Nissan.Tanger2019","article_modified_time":"2024-12-12T18:15:29+00:00","twitter_card":"summary_large_image","twitter_misc":{"Dur\u00e9e de lecture estim\u00e9e":"2 minutes"},"schema":{"@context":"https:\/\/schema.org","@graph":[{"@type":"WebPage","@id":"https:\/\/aoesrt.ma\/%d9%83%d9%84%d9%85%d8%a9-%d8%a7%d9%84%d8%b1%d8%a6%d9%8a%d8%b3\/","url":"https:\/\/aoesrt.ma\/%d9%83%d9%84%d9%85%d8%a9-%d8%a7%d9%84%d8%b1%d8%a6%d9%8a%d8%b3\/","name":"Mot du pr\u00e9sident - \u062c\u0645\u0639\u064a\u0629 \u0627\u0644\u0623\u0639\u0645\u0627\u0644 \u0627\u0644\u0627\u062c\u062a\u0645\u0627\u0639\u064a\u0629 \u0644\u0645\u0639\u0645\u0644 \u0631\u0648\u0646\u0648 \u0637\u0646\u062c\u0629","isPartOf":{"@id":"https:\/\/aoesrt.ma\/#website"},"datePublished":"2024-11-20T19:46:33+00:00","dateModified":"2024-12-12T18:15:29+00:00","breadcrumb":{"@id":"https:\/\/aoesrt.ma\/%d9%83%d9%84%d9%85%d8%a9-%d8%a7%d9%84%d8%b1%d8%a6%d9%8a%d8%b3\/#breadcrumb"},"inLanguage":"fr-FR","potentialAction":[{"@type":"ReadAction","target":["https:\/\/aoesrt.ma\/%d9%83%d9%84%d9%85%d8%a9-%d8%a7%d9%84%d8%b1%d8%a6%d9%8a%d8%b3\/"]}]},{"@type":"BreadcrumbList","@id":"https:\/\/aoesrt.ma\/%d9%83%d9%84%d9%85%d8%a9-%d8%a7%d9%84%d8%b1%d8%a6%d9%8a%d8%b3\/#breadcrumb","itemListElement":[{"@type":"ListItem","position":1,"name":"Accueil","item":"https:\/\/aoesrt.ma\/"},{"@type":"ListItem","position":2,"name":"Mot du pr\u00e9sident"}]},{"@type":"WebSite","@id":"https:\/\/aoesrt.ma\/#website","url":"https:\/\/aoesrt.ma\/","name":"\u062c\u0645\u0639\u064a\u0629 \u0627\u0644\u0623\u0639\u0645\u0627\u0644 \u0627\u0644\u0627\u062c\u062a\u0645\u0627\u0639\u064a\u0629 \u0644\u0645\u0635\u0646\u0639 \u0631\u0648\u0646\u0648 \u0637\u0646\u062c\u0629","description":"AOESRT","publisher":{"@id":"https:\/\/aoesrt.ma\/#organization"},"potentialAction":[{"@type":"SearchAction","target":{"@type":"EntryPoint","urlTemplate":"https:\/\/aoesrt.ma\/?s={search_term_string}"},"query-input":{"@type":"PropertyValueSpecification","valueRequired":true,"valueName":"search_term_string"}}],"inLanguage":"fr-FR"},{"@type":"Organization","@id":"https:\/\/aoesrt.ma\/#organization","name":"\u062c\u0645\u0639\u064a\u0629 \u0627\u0644\u0623\u0639\u0645\u0627\u0644 \u0627\u0644\u0627\u062c\u062a\u0645\u0627\u0639\u064a\u0629 \u0644\u0645\u0635\u0646\u0639 \u0631\u0648\u0646\u0648 \u0637\u0646\u062c\u0629","url":"https:\/\/aoesrt.ma\/","logo":{"@type":"ImageObject","inLanguage":"fr-FR","@id":"https:\/\/aoesrt.ma\/#\/schema\/logo\/image\/","url":"https:\/\/aoesrt.ma\/wp-content\/uploads\/2024\/10\/cropped-favicon.webp","contentUrl":"https:\/\/aoesrt.ma\/wp-content\/uploads\/2024\/10\/cropped-favicon.webp","width":512,"height":512,"caption":"\u062c\u0645\u0639\u064a\u0629 \u0627\u0644\u0623\u0639\u0645\u0627\u0644 \u0627\u0644\u0627\u062c\u062a\u0645\u0627\u0639\u064a\u0629 \u0644\u0645\u0635\u0646\u0639 \u0631\u0648\u0646\u0648 \u0637\u0646\u062c\u0629"},"image":{"@id":"https:\/\/aoesrt.ma\/#\/schema\/logo\/image\/"},"sameAs":["https:\/\/web.facebook.com\/Renault.Nissan.Tanger2019"]}]}},"_links":{"self":[{"href":"https:\/\/aoesrt.ma\/fr\/wp-json\/wp\/v2\/pages\/1910","targetHints":{"allow":["GET"]}}],"collection":[{"href":"https:\/\/aoesrt.ma\/fr\/wp-json\/wp\/v2\/pages"}],"about":[{"href":"https:\/\/aoesrt.ma\/fr\/wp-json\/wp\/v2\/types\/page"}],"author":[{"embeddable":true,"href":"https:\/\/aoesrt.ma\/fr\/wp-json\/wp\/v2\/users\/1"}],"replies":[{"embeddable":true,"href":"https:\/\/aoesrt.ma\/fr\/wp-json\/wp\/v2\/comments?post=1910"}],"version-history":[{"count":6,"href":"https:\/\/aoesrt.ma\/fr\/wp-json\/wp\/v2\/pages\/1910\/revisions"}],"predecessor-version":[{"id":2047,"href":"https:\/\/aoesrt.ma\/fr\/wp-json\/wp\/v2\/pages\/1910\/revisions\/2047"}],"wp:attachment":[{"href":"https:\/\/aoesrt.ma\/fr\/wp-json\/wp\/v2\/media?parent=1910"}],"curies":[{"name":"wp","href":"https:\/\/api.w.org\/{rel}","templated":true}]}}