{"id":1427,"date":"2024-10-03T19:00:44","date_gmt":"2024-10-03T19:00:44","guid":{"rendered":"https:\/\/aoesrt.ma\/droit-interne\/"},"modified":"2024-12-16T13:11:00","modified_gmt":"2024-12-16T13:11:00","slug":"reglement-interieur","status":"publish","type":"page","link":"https:\/\/aoesrt.ma\/fr\/reglement-interieur\/","title":{"rendered":"Droit interne"},"content":{"rendered":"\n<p class=\"has-text-align-right\">L&#8217;Union marocaine du travail a \u00e9t\u00e9 cr\u00e9\u00e9e le 20 mars 1955 en tant qu&#8217;expression de la conscience et de la volont\u00e9 des travailleurs. En r\u00e9ponse \u00e0 une n\u00e9cessit\u00e9 historique. En tant que produit d&#8217;une \u00e9tape de glorieuses luttes ouvri\u00e8res et de luttes pour la lib\u00e9ration et l&#8217;ind\u00e9pendance du pays du colonialisme brutal. Au cours de cette p\u00e9riode, la classe ouvri\u00e8re marocaine a fourni les plus beaux exemples de sacrifice, de don et de r\u00e9demption.<\/p>\n\n<p class=\"has-text-align-right\">L&#8217;Union marocaine du travail n&#8217;est pas la cr\u00e9ation d&#8217;un gouvernement ou d&#8217;un parti. Il s&#8217;agit d&#8217;une cr\u00e9ation de la glorieuse lutte ouvri\u00e8re. En tant qu&#8217;expression de la volont\u00e9 de lib\u00e9ration et d&#8217;\u00e9mancipation de la classe ouvri\u00e8re marocaine.<\/p>\n\n<p class=\"has-text-align-right\">Tout au long de sa longue marche, l&#8217;UMT a pr\u00e9serv\u00e9 son identit\u00e9 et l&#8217;originalit\u00e9 du mouvement syndical marocain de la mutilation, de la d\u00e9formation et de l&#8217;instrumentalisation. Elle ne l&#8217;a pas laiss\u00e9 aux caprices d&#8217;un gouvernement, aux ambitions d&#8217;un parti ou aux int\u00e9r\u00eats d&#8217;un employeur, mais l&#8217;a toujours gard\u00e9 fid\u00e8le \u00e0 ses origines, adh\u00e9r\u00e9 \u00e0 ses principes et d\u00e9fendu ses aspirations et ses espoirs, devenant ainsi la v\u00e9ritable incarnation de la classe ouvri\u00e8re marocaine et de sa trajectoire historique, de son identit\u00e9 et de son originalit\u00e9.      <br\/>L&#8217;histoire de l&#8217;UMT est l&#8217;incarnation de ses principes in\u00e9branlables.<\/p>\n\n<p class=\"has-text-align-right\">Lutte pour l&#8217;unit\u00e9 syndicale : C&#8217;est la d\u00e9fense du droit de la classe ouvri\u00e8re \u00e0 son unit\u00e9 organisationnelle contre les tentatives ext\u00e9rieures de l&#8217;affaiblir, de diviser ses rangs et de fragmenter sa force. <br\/>La lutte pour l&#8217;ind\u00e9pendance syndicale : Il s&#8217;agit de d\u00e9fendre le fait que la classe ouvri\u00e8re n&#8217;est pas exploit\u00e9e et utilis\u00e9e comme un pion par un parti, un gouvernement ou des employeurs. <br\/>D\u00e9fense de la d\u00e9mocratie syndicale : Elle est garante du pluralisme politique et du droit d&#8217;affiliation politique des syndiqu\u00e9s. <\/p>\n\n<p class=\"has-text-align-right\">Tels sont les principes d&#8217;une v\u00e9ritable organisation syndicale : Unit\u00e9, ind\u00e9pendance et d\u00e9mocratie <\/p>\n","protected":false},"excerpt":{"rendered":"<p>L&#8217;Union marocaine du travail a \u00e9t\u00e9 cr\u00e9\u00e9e le 20 mars 1955 en tant qu&#8217;expression de la conscience et de la volont\u00e9 des travailleurs. En r\u00e9ponse \u00e0 une n\u00e9cessit\u00e9 historique. En tant que produit d&#8217;une \u00e9tape de glorieuses luttes ouvri\u00e8res et de luttes pour la lib\u00e9ration et l&#8217;ind\u00e9pendance du pays du colonialisme brutal. Au cours de [&hellip;]<\/p>\n","protected":false},"author":2,"featured_media":0,"parent":0,"menu_order":0,"comment_status":"closed","ping_status":"closed","template":"","meta":{"footnotes":""},"class_list":["post-1427","page","type-page","status-publish","hentry"],"yoast_head":"<!-- This site is optimized with the Yoast SEO plugin v24.3 - https:\/\/yoast.com\/wordpress\/plugins\/seo\/ -->\n<title>Droit interne - \u062c\u0645\u0639\u064a\u0629 \u0627\u0644\u0623\u0639\u0645\u0627\u0644 \u0627\u0644\u0627\u062c\u062a\u0645\u0627\u0639\u064a\u0629 \u0644\u0645\u0639\u0645\u0644 \u0631\u0648\u0646\u0648 \u0637\u0646\u062c\u0629<\/title>\n<meta name=\"robots\" content=\"index, follow, max-snippet:-1, max-image-preview:large, max-video-preview:-1\" \/>\n<link rel=\"canonical\" href=\"https:\/\/aoesrt.ma\/\u0627\u0644\u0642\u0627\u0646\u0648\u0646-\u0627\u0644\u062f\u0627\u062e\u0644\u064a\/\" \/>\n<meta property=\"og:locale\" content=\"fr_FR\" \/>\n<meta property=\"og:type\" content=\"article\" \/>\n<meta property=\"og:title\" content=\"Droit interne - \u062c\u0645\u0639\u064a\u0629 \u0627\u0644\u0623\u0639\u0645\u0627\u0644 \u0627\u0644\u0627\u062c\u062a\u0645\u0627\u0639\u064a\u0629 \u0644\u0645\u0639\u0645\u0644 \u0631\u0648\u0646\u0648 \u0637\u0646\u062c\u0629\" \/>\n<meta property=\"og:description\" content=\"L&#8217;Union marocaine du travail a \u00e9t\u00e9 cr\u00e9\u00e9e le 20 mars 1955 en tant qu&#8217;expression de la conscience et de la volont\u00e9 des travailleurs. En r\u00e9ponse \u00e0 une n\u00e9cessit\u00e9 historique. En tant que produit d&#8217;une \u00e9tape de glorieuses luttes ouvri\u00e8res et de luttes pour la lib\u00e9ration et l&#8217;ind\u00e9pendance du pays du colonialisme brutal. Au cours de [&hellip;]\" \/>\n<meta property=\"og:url\" content=\"https:\/\/aoesrt.ma\/\u0627\u0644\u0642\u0627\u0646\u0648\u0646-\u0627\u0644\u062f\u0627\u062e\u0644\u064a\/\" \/>\n<meta property=\"og:site_name\" content=\"\u062c\u0645\u0639\u064a\u0629 \u0627\u0644\u0623\u0639\u0645\u0627\u0644 \u0627\u0644\u0627\u062c\u062a\u0645\u0627\u0639\u064a\u0629 \u0644\u0645\u0639\u0645\u0644 \u0631\u0648\u0646\u0648 \u0637\u0646\u062c\u0629\" \/>\n<meta property=\"article:publisher\" content=\"https:\/\/web.facebook.com\/Renault.Nissan.Tanger2019\" \/>\n<meta property=\"article:modified_time\" content=\"2024-12-16T13:11:00+00:00\" \/>\n<meta name=\"twitter:card\" content=\"summary_large_image\" \/>\n<meta name=\"twitter:label1\" content=\"Dur\u00e9e de lecture estim\u00e9e\" \/>\n\t<meta name=\"twitter:data1\" content=\"2 minutes\" \/>\n<script type=\"application\/ld+json\" class=\"yoast-schema-graph\">{\"@context\":\"https:\/\/schema.org\",\"@graph\":[{\"@type\":\"WebPage\",\"@id\":\"https:\/\/aoesrt.ma\/%d8%a7%d9%84%d9%82%d8%a7%d9%86%d9%88%d9%86-%d8%a7%d9%84%d8%af%d8%a7%d8%ae%d9%84%d9%8a\/\",\"url\":\"https:\/\/aoesrt.ma\/%d8%a7%d9%84%d9%82%d8%a7%d9%86%d9%88%d9%86-%d8%a7%d9%84%d8%af%d8%a7%d8%ae%d9%84%d9%8a\/\",\"name\":\"Droit interne - \u062c\u0645\u0639\u064a\u0629 \u0627\u0644\u0623\u0639\u0645\u0627\u0644 \u0627\u0644\u0627\u062c\u062a\u0645\u0627\u0639\u064a\u0629 \u0644\u0645\u0639\u0645\u0644 \u0631\u0648\u0646\u0648 \u0637\u0646\u062c\u0629\",\"isPartOf\":{\"@id\":\"https:\/\/aoesrt.ma\/#website\"},\"datePublished\":\"2024-10-03T19:00:44+00:00\",\"dateModified\":\"2024-12-16T13:11:00+00:00\",\"breadcrumb\":{\"@id\":\"https:\/\/aoesrt.ma\/%d8%a7%d9%84%d9%82%d8%a7%d9%86%d9%88%d9%86-%d8%a7%d9%84%d8%af%d8%a7%d8%ae%d9%84%d9%8a\/#breadcrumb\"},\"inLanguage\":\"fr-FR\",\"potentialAction\":[{\"@type\":\"ReadAction\",\"target\":[\"https:\/\/aoesrt.ma\/%d8%a7%d9%84%d9%82%d8%a7%d9%86%d9%88%d9%86-%d8%a7%d9%84%d8%af%d8%a7%d8%ae%d9%84%d9%8a\/\"]}]},{\"@type\":\"BreadcrumbList\",\"@id\":\"https:\/\/aoesrt.ma\/%d8%a7%d9%84%d9%82%d8%a7%d9%86%d9%88%d9%86-%d8%a7%d9%84%d8%af%d8%a7%d8%ae%d9%84%d9%8a\/#breadcrumb\",\"itemListElement\":[{\"@type\":\"ListItem\",\"position\":1,\"name\":\"Accueil\",\"item\":\"https:\/\/aoesrt.ma\/\"},{\"@type\":\"ListItem\",\"position\":2,\"name\":\"Droit interne\"}]},{\"@type\":\"WebSite\",\"@id\":\"https:\/\/aoesrt.ma\/#website\",\"url\":\"https:\/\/aoesrt.ma\/\",\"name\":\"\u062c\u0645\u0639\u064a\u0629 \u0627\u0644\u0623\u0639\u0645\u0627\u0644 \u0627\u0644\u0627\u062c\u062a\u0645\u0627\u0639\u064a\u0629 \u0644\u0645\u0635\u0646\u0639 \u0631\u0648\u0646\u0648 \u0637\u0646\u062c\u0629\",\"description\":\"AOESRT\",\"publisher\":{\"@id\":\"https:\/\/aoesrt.ma\/#organization\"},\"potentialAction\":[{\"@type\":\"SearchAction\",\"target\":{\"@type\":\"EntryPoint\",\"urlTemplate\":\"https:\/\/aoesrt.ma\/?s={search_term_string}\"},\"query-input\":{\"@type\":\"PropertyValueSpecification\",\"valueRequired\":true,\"valueName\":\"search_term_string\"}}],\"inLanguage\":\"fr-FR\"},{\"@type\":\"Organization\",\"@id\":\"https:\/\/aoesrt.ma\/#organization\",\"name\":\"\u062c\u0645\u0639\u064a\u0629 \u0627\u0644\u0623\u0639\u0645\u0627\u0644 \u0627\u0644\u0627\u062c\u062a\u0645\u0627\u0639\u064a\u0629 \u0644\u0645\u0635\u0646\u0639 \u0631\u0648\u0646\u0648 \u0637\u0646\u062c\u0629\",\"url\":\"https:\/\/aoesrt.ma\/\",\"logo\":{\"@type\":\"ImageObject\",\"inLanguage\":\"fr-FR\",\"@id\":\"https:\/\/aoesrt.ma\/#\/schema\/logo\/image\/\",\"url\":\"https:\/\/aoesrt.ma\/wp-content\/uploads\/2024\/10\/cropped-favicon.webp\",\"contentUrl\":\"https:\/\/aoesrt.ma\/wp-content\/uploads\/2024\/10\/cropped-favicon.webp\",\"width\":512,\"height\":512,\"caption\":\"\u062c\u0645\u0639\u064a\u0629 \u0627\u0644\u0623\u0639\u0645\u0627\u0644 \u0627\u0644\u0627\u062c\u062a\u0645\u0627\u0639\u064a\u0629 \u0644\u0645\u0635\u0646\u0639 \u0631\u0648\u0646\u0648 \u0637\u0646\u062c\u0629\"},\"image\":{\"@id\":\"https:\/\/aoesrt.ma\/#\/schema\/logo\/image\/\"},\"sameAs\":[\"https:\/\/web.facebook.com\/Renault.Nissan.Tanger2019\"]}]}<\/script>\n<!-- \/ Yoast SEO plugin. -->","yoast_head_json":{"title":"Droit interne - \u062c\u0645\u0639\u064a\u0629 \u0627\u0644\u0623\u0639\u0645\u0627\u0644 \u0627\u0644\u0627\u062c\u062a\u0645\u0627\u0639\u064a\u0629 \u0644\u0645\u0639\u0645\u0644 \u0631\u0648\u0646\u0648 \u0637\u0646\u062c\u0629","robots":{"index":"index","follow":"follow","max-snippet":"max-snippet:-1","max-image-preview":"max-image-preview:large","max-video-preview":"max-video-preview:-1"},"canonical":"https:\/\/aoesrt.ma\/\u0627\u0644\u0642\u0627\u0646\u0648\u0646-\u0627\u0644\u062f\u0627\u062e\u0644\u064a\/","og_locale":"fr_FR","og_type":"article","og_title":"Droit interne - \u062c\u0645\u0639\u064a\u0629 \u0627\u0644\u0623\u0639\u0645\u0627\u0644 \u0627\u0644\u0627\u062c\u062a\u0645\u0627\u0639\u064a\u0629 \u0644\u0645\u0639\u0645\u0644 \u0631\u0648\u0646\u0648 \u0637\u0646\u062c\u0629","og_description":"L&#8217;Union marocaine du travail a \u00e9t\u00e9 cr\u00e9\u00e9e le 20 mars 1955 en tant qu&#8217;expression de la conscience et de la volont\u00e9 des travailleurs. En r\u00e9ponse \u00e0 une n\u00e9cessit\u00e9 historique. En tant que produit d&#8217;une \u00e9tape de glorieuses luttes ouvri\u00e8res et de luttes pour la lib\u00e9ration et l&#8217;ind\u00e9pendance du pays du colonialisme brutal. Au cours de [&hellip;]","og_url":"https:\/\/aoesrt.ma\/\u0627\u0644\u0642\u0627\u0646\u0648\u0646-\u0627\u0644\u062f\u0627\u062e\u0644\u064a\/","og_site_name":"\u062c\u0645\u0639\u064a\u0629 \u0627\u0644\u0623\u0639\u0645\u0627\u0644 \u0627\u0644\u0627\u062c\u062a\u0645\u0627\u0639\u064a\u0629 \u0644\u0645\u0639\u0645\u0644 \u0631\u0648\u0646\u0648 \u0637\u0646\u062c\u0629","article_publisher":"https:\/\/web.facebook.com\/Renault.Nissan.Tanger2019","article_modified_time":"2024-12-16T13:11:00+00:00","twitter_card":"summary_large_image","twitter_misc":{"Dur\u00e9e de lecture estim\u00e9e":"2 minutes"},"schema":{"@context":"https:\/\/schema.org","@graph":[{"@type":"WebPage","@id":"https:\/\/aoesrt.ma\/%d8%a7%d9%84%d9%82%d8%a7%d9%86%d9%88%d9%86-%d8%a7%d9%84%d8%af%d8%a7%d8%ae%d9%84%d9%8a\/","url":"https:\/\/aoesrt.ma\/%d8%a7%d9%84%d9%82%d8%a7%d9%86%d9%88%d9%86-%d8%a7%d9%84%d8%af%d8%a7%d8%ae%d9%84%d9%8a\/","name":"Droit interne - \u062c\u0645\u0639\u064a\u0629 \u0627\u0644\u0623\u0639\u0645\u0627\u0644 \u0627\u0644\u0627\u062c\u062a\u0645\u0627\u0639\u064a\u0629 \u0644\u0645\u0639\u0645\u0644 \u0631\u0648\u0646\u0648 \u0637\u0646\u062c\u0629","isPartOf":{"@id":"https:\/\/aoesrt.ma\/#website"},"datePublished":"2024-10-03T19:00:44+00:00","dateModified":"2024-12-16T13:11:00+00:00","breadcrumb":{"@id":"https:\/\/aoesrt.ma\/%d8%a7%d9%84%d9%82%d8%a7%d9%86%d9%88%d9%86-%d8%a7%d9%84%d8%af%d8%a7%d8%ae%d9%84%d9%8a\/#breadcrumb"},"inLanguage":"fr-FR","potentialAction":[{"@type":"ReadAction","target":["https:\/\/aoesrt.ma\/%d8%a7%d9%84%d9%82%d8%a7%d9%86%d9%88%d9%86-%d8%a7%d9%84%d8%af%d8%a7%d8%ae%d9%84%d9%8a\/"]}]},{"@type":"BreadcrumbList","@id":"https:\/\/aoesrt.ma\/%d8%a7%d9%84%d9%82%d8%a7%d9%86%d9%88%d9%86-%d8%a7%d9%84%d8%af%d8%a7%d8%ae%d9%84%d9%8a\/#breadcrumb","itemListElement":[{"@type":"ListItem","position":1,"name":"Accueil","item":"https:\/\/aoesrt.ma\/"},{"@type":"ListItem","position":2,"name":"Droit interne"}]},{"@type":"WebSite","@id":"https:\/\/aoesrt.ma\/#website","url":"https:\/\/aoesrt.ma\/","name":"\u062c\u0645\u0639\u064a\u0629 \u0627\u0644\u0623\u0639\u0645\u0627\u0644 \u0627\u0644\u0627\u062c\u062a\u0645\u0627\u0639\u064a\u0629 \u0644\u0645\u0635\u0646\u0639 \u0631\u0648\u0646\u0648 \u0637\u0646\u062c\u0629","description":"AOESRT","publisher":{"@id":"https:\/\/aoesrt.ma\/#organization"},"potentialAction":[{"@type":"SearchAction","target":{"@type":"EntryPoint","urlTemplate":"https:\/\/aoesrt.ma\/?s={search_term_string}"},"query-input":{"@type":"PropertyValueSpecification","valueRequired":true,"valueName":"search_term_string"}}],"inLanguage":"fr-FR"},{"@type":"Organization","@id":"https:\/\/aoesrt.ma\/#organization","name":"\u062c\u0645\u0639\u064a\u0629 \u0627\u0644\u0623\u0639\u0645\u0627\u0644 \u0627\u0644\u0627\u062c\u062a\u0645\u0627\u0639\u064a\u0629 \u0644\u0645\u0635\u0646\u0639 \u0631\u0648\u0646\u0648 \u0637\u0646\u062c\u0629","url":"https:\/\/aoesrt.ma\/","logo":{"@type":"ImageObject","inLanguage":"fr-FR","@id":"https:\/\/aoesrt.ma\/#\/schema\/logo\/image\/","url":"https:\/\/aoesrt.ma\/wp-content\/uploads\/2024\/10\/cropped-favicon.webp","contentUrl":"https:\/\/aoesrt.ma\/wp-content\/uploads\/2024\/10\/cropped-favicon.webp","width":512,"height":512,"caption":"\u062c\u0645\u0639\u064a\u0629 \u0627\u0644\u0623\u0639\u0645\u0627\u0644 \u0627\u0644\u0627\u062c\u062a\u0645\u0627\u0639\u064a\u0629 \u0644\u0645\u0635\u0646\u0639 \u0631\u0648\u0646\u0648 \u0637\u0646\u062c\u0629"},"image":{"@id":"https:\/\/aoesrt.ma\/#\/schema\/logo\/image\/"},"sameAs":["https:\/\/web.facebook.com\/Renault.Nissan.Tanger2019"]}]}},"_links":{"self":[{"href":"https:\/\/aoesrt.ma\/fr\/wp-json\/wp\/v2\/pages\/1427","targetHints":{"allow":["GET"]}}],"collection":[{"href":"https:\/\/aoesrt.ma\/fr\/wp-json\/wp\/v2\/pages"}],"about":[{"href":"https:\/\/aoesrt.ma\/fr\/wp-json\/wp\/v2\/types\/page"}],"author":[{"embeddable":true,"href":"https:\/\/aoesrt.ma\/fr\/wp-json\/wp\/v2\/users\/2"}],"replies":[{"embeddable":true,"href":"https:\/\/aoesrt.ma\/fr\/wp-json\/wp\/v2\/comments?post=1427"}],"version-history":[{"count":4,"href":"https:\/\/aoesrt.ma\/fr\/wp-json\/wp\/v2\/pages\/1427\/revisions"}],"predecessor-version":[{"id":2108,"href":"https:\/\/aoesrt.ma\/fr\/wp-json\/wp\/v2\/pages\/1427\/revisions\/2108"}],"wp:attachment":[{"href":"https:\/\/aoesrt.ma\/fr\/wp-json\/wp\/v2\/media?parent=1427"}],"curies":[{"name":"wp","href":"https:\/\/api.w.org\/{rel}","templated":true}]}}