{"id":1416,"date":"2024-09-30T21:58:18","date_gmt":"2024-09-30T21:58:18","guid":{"rendered":"https:\/\/aoesrt.ma\/initiatives\/"},"modified":"2024-12-18T14:23:26","modified_gmt":"2024-12-18T14:23:26","slug":"initiatives","status":"publish","type":"page","link":"https:\/\/aoesrt.ma\/fr\/initiatives\/","title":{"rendered":"Initiatives"},"content":{"rendered":"\t\t<div data-elementor-type=\"wp-page\" data-elementor-id=\"1416\" class=\"elementor elementor-1416 elementor-755\" data-elementor-settings=\"{&quot;element_pack_global_tooltip_width&quot;:{&quot;unit&quot;:&quot;px&quot;,&quot;size&quot;:&quot;&quot;,&quot;sizes&quot;:[]},&quot;element_pack_global_tooltip_width_tablet&quot;:{&quot;unit&quot;:&quot;px&quot;,&quot;size&quot;:&quot;&quot;,&quot;sizes&quot;:[]},&quot;element_pack_global_tooltip_width_mobile&quot;:{&quot;unit&quot;:&quot;px&quot;,&quot;size&quot;:&quot;&quot;,&quot;sizes&quot;:[]},&quot;element_pack_global_tooltip_padding&quot;:{&quot;unit&quot;:&quot;px&quot;,&quot;top&quot;:&quot;&quot;,&quot;right&quot;:&quot;&quot;,&quot;bottom&quot;:&quot;&quot;,&quot;left&quot;:&quot;&quot;,&quot;isLinked&quot;:true},&quot;element_pack_global_tooltip_padding_tablet&quot;:{&quot;unit&quot;:&quot;px&quot;,&quot;top&quot;:&quot;&quot;,&quot;right&quot;:&quot;&quot;,&quot;bottom&quot;:&quot;&quot;,&quot;left&quot;:&quot;&quot;,&quot;isLinked&quot;:true},&quot;element_pack_global_tooltip_padding_mobile&quot;:{&quot;unit&quot;:&quot;px&quot;,&quot;top&quot;:&quot;&quot;,&quot;right&quot;:&quot;&quot;,&quot;bottom&quot;:&quot;&quot;,&quot;left&quot;:&quot;&quot;,&quot;isLinked&quot;:true},&quot;element_pack_global_tooltip_border_radius&quot;:{&quot;unit&quot;:&quot;px&quot;,&quot;top&quot;:&quot;&quot;,&quot;right&quot;:&quot;&quot;,&quot;bottom&quot;:&quot;&quot;,&quot;left&quot;:&quot;&quot;,&quot;isLinked&quot;:true},&quot;element_pack_global_tooltip_border_radius_tablet&quot;:{&quot;unit&quot;:&quot;px&quot;,&quot;top&quot;:&quot;&quot;,&quot;right&quot;:&quot;&quot;,&quot;bottom&quot;:&quot;&quot;,&quot;left&quot;:&quot;&quot;,&quot;isLinked&quot;:true},&quot;element_pack_global_tooltip_border_radius_mobile&quot;:{&quot;unit&quot;:&quot;px&quot;,&quot;top&quot;:&quot;&quot;,&quot;right&quot;:&quot;&quot;,&quot;bottom&quot;:&quot;&quot;,&quot;left&quot;:&quot;&quot;,&quot;isLinked&quot;:true}}\">\n\t\t\t\t<div class=\"elementor-element elementor-element-7592524e e-flex e-con-boxed e-con e-parent\" data-id=\"7592524e\" data-element_type=\"container\" data-e-type=\"container\" id=\"blog\">\n\t\t\t\t\t<div class=\"e-con-inner\">\n\t\t<div class=\"elementor-element elementor-element-26f18368 e-con-full e-flex e-con e-child\" data-id=\"26f18368\" data-element_type=\"container\" data-e-type=\"container\">\n\t\t\t\t<div class=\"elementor-element elementor-element-67595370 ui-e-apg-split ui-e-img-anim-zoom elementor-widget elementor-widget-uicore-advanced-post-grid woocommerce elementor-widget-uicore-advanced-post-grid\" data-id=\"67595370\" data-element_type=\"widget\" data-e-type=\"widget\" data-settings=\"{&quot;animate_items&quot;:&quot;ui-e-grid-animate&quot;,&quot;animate_item_type&quot;:&quot;fadeInUp&quot;}\" data-widget_type=\"uicore-advanced-post-grid.default\">\n\t\t\t\t<div class=\"elementor-widget-container\">\n\t\t\t\t\t            <div class=\"ui-e-adv-grid \">\n                \n                <div class=\"ui-e-post-item ui-e-item ui-e-animations-wrp elementor-invisible \">\n                    <article class=\"post-1419 portfolio type-portfolio status-publish has-post-thumbnail hentry\">\n                        <div class=\"ui-e-post-top\">\n                                    <a class=\"ui-e-post-img-wrapp\"\n            href=\"https:\/\/aoesrt.ma\/fr\/portfolio\/initiative-omra-pour-tous\/\"\n            title=\"View Post:Concours de tadjweed du Saint Coran\">\n\n                            <div class=\"ui-e-post-img\" style=\"background-image:url(https:\/\/aoesrt.ma\/wp-content\/uploads\/2025\/03\/WhatsApp-Image-2025-03-16-a-15.51.44_3fad87bb-Copie-1024x461.jpg)\"><\/div>\n                    <\/a>\n                                                        <\/div>\n\n                        \n                        <div class=\"ui-e-post-content\">\n\n                            <div class=\"ui-e-post-meta ui-e-before_title\"><\/div>                                    <a href=\"https:\/\/aoesrt.ma\/fr\/portfolio\/initiative-omra-pour-tous\/\" title=\"View Post:Concours de tadjweed du Saint Coran\">\n            <h4 class=\"ui-e-post-title\">\n                <span> Concours de tadjweed du Saint Coran <\/span>\n            <\/h4>\n        <\/a>\n                                                            <div class=\"ui-e-post-text\">Concours de Coran Tajweed Dans le cadre des activit\u00e9s sociales de l&#8217;usine, la direction de l&#8217;usine, en partenariat avec le d\u00e9partement des ressources humaines et le partenaire social, a organis\u00e9 la neuvi\u00e8me \u00e9dition du concours du Saint Coran pour les employ\u00e9s et la quatri\u00e8me pour les enfants des employ\u00e9s. Le concours se poursuit dans une\u2026<\/div>                                                                <a href=\"https:\/\/aoesrt.ma\/fr\/portfolio\/initiative-omra-pour-tous\/\" class=\"elementor-button-link elementor-button ui-e-readmore\" role=\"button\">\n            <span class=\"elementor-button-content-wrapper elementor-button-content\"><span class=\"elementor-button-icon elementor-align-icon-row-reverse\"><svg aria-hidden=\"true\" class=\"e-font-icon-svg e-fas-chevron-right\" viewBox=\"0 0 320 512\" xmlns=\"http:\/\/www.w3.org\/2000\/svg\"><path d=\"M285.476 272.971L91.132 467.314c-9.373 9.373-24.569 9.373-33.941 0l-22.667-22.667c-9.357-9.357-9.375-24.522-.04-33.901L188.505 256 34.484 101.255c-9.335-9.379-9.317-24.544.04-33.901l22.667-22.667c9.373-9.373 24.569-9.373 33.941 0L285.475 239.03c9.373 9.372 9.373 24.568.001 33.941z\"><\/path><\/svg><\/span><span class=\"elementor-button-text\">Voir plus<\/span> <\/span>        <\/a>\n                                <\/div>\n                    <\/article>\n                <\/div>\n\n                \n                <div class=\"ui-e-post-item ui-e-item ui-e-animations-wrp elementor-invisible \">\n                    <article class=\"post-1968 portfolio type-portfolio status-publish has-post-thumbnail hentry portfolio_category-soutien-scolaire\">\n                        <div class=\"ui-e-post-top\">\n                                    <a class=\"ui-e-post-img-wrapp\"\n            href=\"https:\/\/aoesrt.ma\/fr\/portfolio\/initiative-visant-a-distribuer-des-portefeuilles-et-des-manuels-scolaires-aux-salaries\/\"\n            title=\"View Post:Initiative visant \u00e0 distribuer des portefeuilles et des manuels scolaires aux salari\u00e9s\">\n\n                            <div class=\"ui-e-post-img\" style=\"background-image:url(https:\/\/aoesrt.ma\/wp-content\/uploads\/2024\/09\/64141605-46075803.jpg)\"><\/div>\n                    <\/a>\n                                                        <\/div>\n\n                        \n                        <div class=\"ui-e-post-content\">\n\n                            <div class=\"ui-e-post-meta ui-e-before_title\"><div class=\"ui-e-meta-item\"><a href=\"https:\/\/aoesrt.ma\/fr\/portfolio-category\/soutien-scolaire\/\" title=\"View Soutien scolaire posts\">Soutien scolaire<\/a><\/div><\/div>                                    <a href=\"https:\/\/aoesrt.ma\/fr\/portfolio\/initiative-visant-a-distribuer-des-portefeuilles-et-des-manuels-scolaires-aux-salaries\/\" title=\"View Post:Initiative visant \u00e0 distribuer des portefeuilles et des manuels scolaires aux salari\u00e9s\">\n            <h4 class=\"ui-e-post-title\">\n                <span> Initiative visant \u00e0 distribuer des portefeuilles et des manuels scolaires aux salari\u00e9s <\/span>\n            <\/h4>\n        <\/a>\n                                                            <div class=\"ui-e-post-text\">Initiative visant \u00e0 distribuer des portefeuilles et des manuels scolaires aux salari\u00e9s L&#8217;initiative de la direction de l&#8217;usine, en collaboration avec son partenaire social, \u00e0 l&#8217;occasion de la rentr\u00e9e scolaire, souligne sa grande pr\u00e9occupation pour le bien-\u00eatre des employ\u00e9s de l&#8217;usine et de leurs familles. Cette initiative vise \u00e0 soutenir les salari\u00e9s en distribuant des\u2026<\/div>                                                                <a href=\"https:\/\/aoesrt.ma\/fr\/portfolio\/initiative-visant-a-distribuer-des-portefeuilles-et-des-manuels-scolaires-aux-salaries\/\" class=\"elementor-button-link elementor-button ui-e-readmore\" role=\"button\">\n            <span class=\"elementor-button-content-wrapper elementor-button-content\"><span class=\"elementor-button-icon elementor-align-icon-row-reverse\"><svg aria-hidden=\"true\" class=\"e-font-icon-svg e-fas-chevron-right\" viewBox=\"0 0 320 512\" xmlns=\"http:\/\/www.w3.org\/2000\/svg\"><path d=\"M285.476 272.971L91.132 467.314c-9.373 9.373-24.569 9.373-33.941 0l-22.667-22.667c-9.357-9.357-9.375-24.522-.04-33.901L188.505 256 34.484 101.255c-9.335-9.379-9.317-24.544.04-33.901l22.667-22.667c9.373-9.373 24.569-9.373 33.941 0L285.475 239.03c9.373 9.372 9.373 24.568.001 33.941z\"><\/path><\/svg><\/span><span class=\"elementor-button-text\">Voir plus<\/span> <\/span>        <\/a>\n                                <\/div>\n                    <\/article>\n                <\/div>\n\n                \n                <div class=\"ui-e-post-item ui-e-item ui-e-animations-wrp elementor-invisible \">\n                    <article class=\"post-1963 portfolio type-portfolio status-publish has-post-thumbnail hentry portfolio_category-aide-sociale\">\n                        <div class=\"ui-e-post-top\">\n                                    <a class=\"ui-e-post-img-wrapp\"\n            href=\"https:\/\/aoesrt.ma\/fr\/portfolio\/campagne-warmth-saison-8\/\"\n            title=\"View Post:Campagne Warmth &#8211; Saison 8\">\n\n                            <div class=\"ui-e-post-img\" style=\"background-image:url(https:\/\/aoesrt.ma\/wp-content\/uploads\/2024\/10\/InShot_20241006_194132667-819x1024.jpg)\"><\/div>\n                    <\/a>\n                                                        <\/div>\n\n                        \n                        <div class=\"ui-e-post-content\">\n\n                            <div class=\"ui-e-post-meta ui-e-before_title\"><div class=\"ui-e-meta-item\"><a href=\"https:\/\/aoesrt.ma\/fr\/portfolio-category\/aide-sociale\/\" title=\"View Aide sociale posts\">Aide sociale<\/a><\/div><\/div>                                    <a href=\"https:\/\/aoesrt.ma\/fr\/portfolio\/campagne-warmth-saison-8\/\" title=\"View Post:Campagne Warmth &#8211; Saison 8\">\n            <h4 class=\"ui-e-post-title\">\n                <span> Campagne Warmth &#8211; Saison 8 <\/span>\n            <\/h4>\n        <\/a>\n                                                            <div class=\"ui-e-post-text\">Campagne Warmth &#8211; Saison 8 L&#8217;association Social Business, en collaboration avec le bureau syndical et Renault Tanger, et en coordination avec l&#8217;association de d\u00e9veloppement du village Qasr Tigermet Nikran Tadriost, organise la huiti\u00e8me saison de la campagne Warmth, sous le slogan &#8220;Des c\u0153urs chauds, des maisons chaudes&#8221; . Cette campagne vise \u00e0 apporter soutien et\u2026<\/div>                                                                <a href=\"https:\/\/aoesrt.ma\/fr\/portfolio\/campagne-warmth-saison-8\/\" class=\"elementor-button-link elementor-button ui-e-readmore\" role=\"button\">\n            <span class=\"elementor-button-content-wrapper elementor-button-content\"><span class=\"elementor-button-icon elementor-align-icon-row-reverse\"><svg aria-hidden=\"true\" class=\"e-font-icon-svg e-fas-chevron-right\" viewBox=\"0 0 320 512\" xmlns=\"http:\/\/www.w3.org\/2000\/svg\"><path d=\"M285.476 272.971L91.132 467.314c-9.373 9.373-24.569 9.373-33.941 0l-22.667-22.667c-9.357-9.357-9.375-24.522-.04-33.901L188.505 256 34.484 101.255c-9.335-9.379-9.317-24.544.04-33.901l22.667-22.667c9.373-9.373 24.569-9.373 33.941 0L285.475 239.03c9.373 9.372 9.373 24.568.001 33.941z\"><\/path><\/svg><\/span><span class=\"elementor-button-text\">Voir plus<\/span> <\/span>        <\/a>\n                                <\/div>\n                    <\/article>\n                <\/div>\n\n                            <\/div>\n\t\t\t\t<\/div>\n\t\t\t\t<\/div>\n\t\t\t\t<\/div>\n\t\t\t\t\t<\/div>\n\t\t\t\t<\/div>\n\t\t\t\t<\/div>\n\t\t","protected":false},"excerpt":{"rendered":"<p>\u0623\u062f\u0627\u0621 \u0627\u0644\u0639\u0645\u0631\u0629 \u0645\u0628\u0627\u062f\u0631\u0629 \u062a\u0645\u0643\u064a\u0646 \u0627\u0644\u0623\u062c\u0631\u0627\u0621 \u0645\u0646 \u0623\u062f\u0627\u0621 \u0627\u0644\u0639\u0645\u0631\u0629 \u0645\u0628\u0627\u062f\u0631\u0629 \u062a\u0645\u0643\u064a\u0646 \u0627\u0644\u0623\u062c\u0631\u0627\u0621 \u0645\u0646 \u0623\u062f\u0627\u0621 \u0627\u0644\u0639\u0645\u0631\u0629 \u062a\u064f\u0639\u062f \u0645\u0628\u0627\u062f\u0631\u0629 \u062a\u0645\u0643\u064a\u0646 \u0627\u0644\u0623\u062c\u0631\u0627\u0621 \u0645\u0646 \u0623\u062f\u0627\u0621 \u0627\u0644\u0639\u0645\u0631\u0629 \u0639\u0646 \u0637\u0631\u064a\u0642 \u0627\u0644\u0642\u0631\u0639\u0629 \u0648\u0627\u062d\u062f\u0629 \u0645\u0646 \u0623\u062c\u0645\u0644 \u0627\u0644\u0645\u0634\u0627\u0631\u064a\u0639 \u0627\u0644\u062a\u064a \u062a\u0633\u0639\u0649 \u0644\u062a\u0639\u0632\u064a\u0632 \u0627\u0644\u0631\u0648\u062d \u0627\u0644\u0645\u0639\u0646\u0648\u064a\u0629 \u0628\u064a\u0646 \u0627\u0644\u0645\u0648\u0638\u0641\u064a\u0646. \u0643\u0644 \u0639\u0627\u0645\u060c \u062a\u0646\u0638\u0645 \u0625\u062f\u0627\u0631\u0629 \u0627\u0644\u0645\u0635\u0646\u0639 \u0647\u0630\u0647 \u0627\u0644\u0642\u0631\u0639\u0629 \u0644\u062a\u062a\u064a\u062d \u0644\u062b\u0645\u0627\u0646\u064a\u0629 \u0645\u0646 \u0627\u0644\u0623\u062c\u0631\u0627\u0621 \u0641\u0631\u0635\u0629 \u0630\u0647\u0628\u064a\u0629 \u0644\u0623\u062f\u0627\u0621 \u0647\u0630\u0647 \u0627\u0644\u0634\u0639\u064a\u0631\u0629 \u0627\u0644\u062f\u064a\u0646\u064a\u0629\u060c \u0645\u0645\u0627 \u064a\u0633\u0647\u0645 \u0641\u064a [&hellip;]<\/p>\n","protected":false},"author":1,"featured_media":0,"parent":0,"menu_order":0,"comment_status":"closed","ping_status":"closed","template":"","meta":{"footnotes":""},"class_list":["post-1416","page","type-page","status-publish","hentry"],"yoast_head":"<!-- This site is optimized with the Yoast SEO plugin v24.3 - https:\/\/yoast.com\/wordpress\/plugins\/seo\/ -->\n<title>Initiatives - \u062c\u0645\u0639\u064a\u0629 \u0627\u0644\u0623\u0639\u0645\u0627\u0644 \u0627\u0644\u0627\u062c\u062a\u0645\u0627\u0639\u064a\u0629 \u0644\u0645\u0639\u0645\u0644 \u0631\u0648\u0646\u0648 \u0637\u0646\u062c\u0629<\/title>\n<meta name=\"robots\" content=\"index, follow, max-snippet:-1, max-image-preview:large, max-video-preview:-1\" \/>\n<link rel=\"canonical\" href=\"https:\/\/aoesrt.ma\/\u0627\u0644\u0645\u0628\u0627\u062f\u0631\u0627\u062a\/\" \/>\n<meta property=\"og:locale\" content=\"fr_FR\" \/>\n<meta property=\"og:type\" content=\"article\" \/>\n<meta property=\"og:title\" content=\"Initiatives - \u062c\u0645\u0639\u064a\u0629 \u0627\u0644\u0623\u0639\u0645\u0627\u0644 \u0627\u0644\u0627\u062c\u062a\u0645\u0627\u0639\u064a\u0629 \u0644\u0645\u0639\u0645\u0644 \u0631\u0648\u0646\u0648 \u0637\u0646\u062c\u0629\" \/>\n<meta property=\"og:description\" content=\"\u0623\u062f\u0627\u0621 \u0627\u0644\u0639\u0645\u0631\u0629 \u0645\u0628\u0627\u062f\u0631\u0629 \u062a\u0645\u0643\u064a\u0646 \u0627\u0644\u0623\u062c\u0631\u0627\u0621 \u0645\u0646 \u0623\u062f\u0627\u0621 \u0627\u0644\u0639\u0645\u0631\u0629 \u0645\u0628\u0627\u062f\u0631\u0629 \u062a\u0645\u0643\u064a\u0646 \u0627\u0644\u0623\u062c\u0631\u0627\u0621 \u0645\u0646 \u0623\u062f\u0627\u0621 \u0627\u0644\u0639\u0645\u0631\u0629 \u062a\u064f\u0639\u062f \u0645\u0628\u0627\u062f\u0631\u0629 \u062a\u0645\u0643\u064a\u0646 \u0627\u0644\u0623\u062c\u0631\u0627\u0621 \u0645\u0646 \u0623\u062f\u0627\u0621 \u0627\u0644\u0639\u0645\u0631\u0629 \u0639\u0646 \u0637\u0631\u064a\u0642 \u0627\u0644\u0642\u0631\u0639\u0629 \u0648\u0627\u062d\u062f\u0629 \u0645\u0646 \u0623\u062c\u0645\u0644 \u0627\u0644\u0645\u0634\u0627\u0631\u064a\u0639 \u0627\u0644\u062a\u064a \u062a\u0633\u0639\u0649 \u0644\u062a\u0639\u0632\u064a\u0632 \u0627\u0644\u0631\u0648\u062d \u0627\u0644\u0645\u0639\u0646\u0648\u064a\u0629 \u0628\u064a\u0646 \u0627\u0644\u0645\u0648\u0638\u0641\u064a\u0646. \u0643\u0644 \u0639\u0627\u0645\u060c \u062a\u0646\u0638\u0645 \u0625\u062f\u0627\u0631\u0629 \u0627\u0644\u0645\u0635\u0646\u0639 \u0647\u0630\u0647 \u0627\u0644\u0642\u0631\u0639\u0629 \u0644\u062a\u062a\u064a\u062d \u0644\u062b\u0645\u0627\u0646\u064a\u0629 \u0645\u0646 \u0627\u0644\u0623\u062c\u0631\u0627\u0621 \u0641\u0631\u0635\u0629 \u0630\u0647\u0628\u064a\u0629 \u0644\u0623\u062f\u0627\u0621 \u0647\u0630\u0647 \u0627\u0644\u0634\u0639\u064a\u0631\u0629 \u0627\u0644\u062f\u064a\u0646\u064a\u0629\u060c \u0645\u0645\u0627 \u064a\u0633\u0647\u0645 \u0641\u064a [&hellip;]\" \/>\n<meta property=\"og:url\" content=\"https:\/\/aoesrt.ma\/\u0627\u0644\u0645\u0628\u0627\u062f\u0631\u0627\u062a\/\" \/>\n<meta property=\"og:site_name\" content=\"\u062c\u0645\u0639\u064a\u0629 \u0627\u0644\u0623\u0639\u0645\u0627\u0644 \u0627\u0644\u0627\u062c\u062a\u0645\u0627\u0639\u064a\u0629 \u0644\u0645\u0639\u0645\u0644 \u0631\u0648\u0646\u0648 \u0637\u0646\u062c\u0629\" \/>\n<meta property=\"article:publisher\" content=\"https:\/\/web.facebook.com\/Renault.Nissan.Tanger2019\" \/>\n<meta property=\"article:modified_time\" content=\"2024-12-18T14:23:26+00:00\" \/>\n<meta name=\"twitter:card\" content=\"summary_large_image\" \/>\n<script type=\"application\/ld+json\" class=\"yoast-schema-graph\">{\"@context\":\"https:\/\/schema.org\",\"@graph\":[{\"@type\":\"WebPage\",\"@id\":\"https:\/\/aoesrt.ma\/%d8%a7%d9%84%d9%85%d8%a8%d8%a7%d8%af%d8%b1%d8%a7%d8%aa\/\",\"url\":\"https:\/\/aoesrt.ma\/%d8%a7%d9%84%d9%85%d8%a8%d8%a7%d8%af%d8%b1%d8%a7%d8%aa\/\",\"name\":\"Initiatives - \u062c\u0645\u0639\u064a\u0629 \u0627\u0644\u0623\u0639\u0645\u0627\u0644 \u0627\u0644\u0627\u062c\u062a\u0645\u0627\u0639\u064a\u0629 \u0644\u0645\u0639\u0645\u0644 \u0631\u0648\u0646\u0648 \u0637\u0646\u062c\u0629\",\"isPartOf\":{\"@id\":\"https:\/\/aoesrt.ma\/#website\"},\"datePublished\":\"2024-09-30T21:58:18+00:00\",\"dateModified\":\"2024-12-18T14:23:26+00:00\",\"breadcrumb\":{\"@id\":\"https:\/\/aoesrt.ma\/%d8%a7%d9%84%d9%85%d8%a8%d8%a7%d8%af%d8%b1%d8%a7%d8%aa\/#breadcrumb\"},\"inLanguage\":\"fr-FR\",\"potentialAction\":[{\"@type\":\"ReadAction\",\"target\":[\"https:\/\/aoesrt.ma\/%d8%a7%d9%84%d9%85%d8%a8%d8%a7%d8%af%d8%b1%d8%a7%d8%aa\/\"]}]},{\"@type\":\"BreadcrumbList\",\"@id\":\"https:\/\/aoesrt.ma\/%d8%a7%d9%84%d9%85%d8%a8%d8%a7%d8%af%d8%b1%d8%a7%d8%aa\/#breadcrumb\",\"itemListElement\":[{\"@type\":\"ListItem\",\"position\":1,\"name\":\"Accueil\",\"item\":\"https:\/\/aoesrt.ma\/\"},{\"@type\":\"ListItem\",\"position\":2,\"name\":\"Initiatives\"}]},{\"@type\":\"WebSite\",\"@id\":\"https:\/\/aoesrt.ma\/#website\",\"url\":\"https:\/\/aoesrt.ma\/\",\"name\":\"\u062c\u0645\u0639\u064a\u0629 \u0627\u0644\u0623\u0639\u0645\u0627\u0644 \u0627\u0644\u0627\u062c\u062a\u0645\u0627\u0639\u064a\u0629 \u0644\u0645\u0635\u0646\u0639 \u0631\u0648\u0646\u0648 \u0637\u0646\u062c\u0629\",\"description\":\"AOESRT\",\"publisher\":{\"@id\":\"https:\/\/aoesrt.ma\/#organization\"},\"potentialAction\":[{\"@type\":\"SearchAction\",\"target\":{\"@type\":\"EntryPoint\",\"urlTemplate\":\"https:\/\/aoesrt.ma\/?s={search_term_string}\"},\"query-input\":{\"@type\":\"PropertyValueSpecification\",\"valueRequired\":true,\"valueName\":\"search_term_string\"}}],\"inLanguage\":\"fr-FR\"},{\"@type\":\"Organization\",\"@id\":\"https:\/\/aoesrt.ma\/#organization\",\"name\":\"\u062c\u0645\u0639\u064a\u0629 \u0627\u0644\u0623\u0639\u0645\u0627\u0644 \u0627\u0644\u0627\u062c\u062a\u0645\u0627\u0639\u064a\u0629 \u0644\u0645\u0635\u0646\u0639 \u0631\u0648\u0646\u0648 \u0637\u0646\u062c\u0629\",\"url\":\"https:\/\/aoesrt.ma\/\",\"logo\":{\"@type\":\"ImageObject\",\"inLanguage\":\"fr-FR\",\"@id\":\"https:\/\/aoesrt.ma\/#\/schema\/logo\/image\/\",\"url\":\"https:\/\/aoesrt.ma\/wp-content\/uploads\/2024\/10\/cropped-favicon.webp\",\"contentUrl\":\"https:\/\/aoesrt.ma\/wp-content\/uploads\/2024\/10\/cropped-favicon.webp\",\"width\":512,\"height\":512,\"caption\":\"\u062c\u0645\u0639\u064a\u0629 \u0627\u0644\u0623\u0639\u0645\u0627\u0644 \u0627\u0644\u0627\u062c\u062a\u0645\u0627\u0639\u064a\u0629 \u0644\u0645\u0635\u0646\u0639 \u0631\u0648\u0646\u0648 \u0637\u0646\u062c\u0629\"},\"image\":{\"@id\":\"https:\/\/aoesrt.ma\/#\/schema\/logo\/image\/\"},\"sameAs\":[\"https:\/\/web.facebook.com\/Renault.Nissan.Tanger2019\"]}]}<\/script>\n<!-- \/ Yoast SEO plugin. -->","yoast_head_json":{"title":"Initiatives - \u062c\u0645\u0639\u064a\u0629 \u0627\u0644\u0623\u0639\u0645\u0627\u0644 \u0627\u0644\u0627\u062c\u062a\u0645\u0627\u0639\u064a\u0629 \u0644\u0645\u0639\u0645\u0644 \u0631\u0648\u0646\u0648 \u0637\u0646\u062c\u0629","robots":{"index":"index","follow":"follow","max-snippet":"max-snippet:-1","max-image-preview":"max-image-preview:large","max-video-preview":"max-video-preview:-1"},"canonical":"https:\/\/aoesrt.ma\/\u0627\u0644\u0645\u0628\u0627\u062f\u0631\u0627\u062a\/","og_locale":"fr_FR","og_type":"article","og_title":"Initiatives - \u062c\u0645\u0639\u064a\u0629 \u0627\u0644\u0623\u0639\u0645\u0627\u0644 \u0627\u0644\u0627\u062c\u062a\u0645\u0627\u0639\u064a\u0629 \u0644\u0645\u0639\u0645\u0644 \u0631\u0648\u0646\u0648 \u0637\u0646\u062c\u0629","og_description":"\u0623\u062f\u0627\u0621 \u0627\u0644\u0639\u0645\u0631\u0629 \u0645\u0628\u0627\u062f\u0631\u0629 \u062a\u0645\u0643\u064a\u0646 \u0627\u0644\u0623\u062c\u0631\u0627\u0621 \u0645\u0646 \u0623\u062f\u0627\u0621 \u0627\u0644\u0639\u0645\u0631\u0629 \u0645\u0628\u0627\u062f\u0631\u0629 \u062a\u0645\u0643\u064a\u0646 \u0627\u0644\u0623\u062c\u0631\u0627\u0621 \u0645\u0646 \u0623\u062f\u0627\u0621 \u0627\u0644\u0639\u0645\u0631\u0629 \u062a\u064f\u0639\u062f \u0645\u0628\u0627\u062f\u0631\u0629 \u062a\u0645\u0643\u064a\u0646 \u0627\u0644\u0623\u062c\u0631\u0627\u0621 \u0645\u0646 \u0623\u062f\u0627\u0621 \u0627\u0644\u0639\u0645\u0631\u0629 \u0639\u0646 \u0637\u0631\u064a\u0642 \u0627\u0644\u0642\u0631\u0639\u0629 \u0648\u0627\u062d\u062f\u0629 \u0645\u0646 \u0623\u062c\u0645\u0644 \u0627\u0644\u0645\u0634\u0627\u0631\u064a\u0639 \u0627\u0644\u062a\u064a \u062a\u0633\u0639\u0649 \u0644\u062a\u0639\u0632\u064a\u0632 \u0627\u0644\u0631\u0648\u062d \u0627\u0644\u0645\u0639\u0646\u0648\u064a\u0629 \u0628\u064a\u0646 \u0627\u0644\u0645\u0648\u0638\u0641\u064a\u0646. \u0643\u0644 \u0639\u0627\u0645\u060c \u062a\u0646\u0638\u0645 \u0625\u062f\u0627\u0631\u0629 \u0627\u0644\u0645\u0635\u0646\u0639 \u0647\u0630\u0647 \u0627\u0644\u0642\u0631\u0639\u0629 \u0644\u062a\u062a\u064a\u062d \u0644\u062b\u0645\u0627\u0646\u064a\u0629 \u0645\u0646 \u0627\u0644\u0623\u062c\u0631\u0627\u0621 \u0641\u0631\u0635\u0629 \u0630\u0647\u0628\u064a\u0629 \u0644\u0623\u062f\u0627\u0621 \u0647\u0630\u0647 \u0627\u0644\u0634\u0639\u064a\u0631\u0629 \u0627\u0644\u062f\u064a\u0646\u064a\u0629\u060c \u0645\u0645\u0627 \u064a\u0633\u0647\u0645 \u0641\u064a [&hellip;]","og_url":"https:\/\/aoesrt.ma\/\u0627\u0644\u0645\u0628\u0627\u062f\u0631\u0627\u062a\/","og_site_name":"\u062c\u0645\u0639\u064a\u0629 \u0627\u0644\u0623\u0639\u0645\u0627\u0644 \u0627\u0644\u0627\u062c\u062a\u0645\u0627\u0639\u064a\u0629 \u0644\u0645\u0639\u0645\u0644 \u0631\u0648\u0646\u0648 \u0637\u0646\u062c\u0629","article_publisher":"https:\/\/web.facebook.com\/Renault.Nissan.Tanger2019","article_modified_time":"2024-12-18T14:23:26+00:00","twitter_card":"summary_large_image","schema":{"@context":"https:\/\/schema.org","@graph":[{"@type":"WebPage","@id":"https:\/\/aoesrt.ma\/%d8%a7%d9%84%d9%85%d8%a8%d8%a7%d8%af%d8%b1%d8%a7%d8%aa\/","url":"https:\/\/aoesrt.ma\/%d8%a7%d9%84%d9%85%d8%a8%d8%a7%d8%af%d8%b1%d8%a7%d8%aa\/","name":"Initiatives - \u062c\u0645\u0639\u064a\u0629 \u0627\u0644\u0623\u0639\u0645\u0627\u0644 \u0627\u0644\u0627\u062c\u062a\u0645\u0627\u0639\u064a\u0629 \u0644\u0645\u0639\u0645\u0644 \u0631\u0648\u0646\u0648 \u0637\u0646\u062c\u0629","isPartOf":{"@id":"https:\/\/aoesrt.ma\/#website"},"datePublished":"2024-09-30T21:58:18+00:00","dateModified":"2024-12-18T14:23:26+00:00","breadcrumb":{"@id":"https:\/\/aoesrt.ma\/%d8%a7%d9%84%d9%85%d8%a8%d8%a7%d8%af%d8%b1%d8%a7%d8%aa\/#breadcrumb"},"inLanguage":"fr-FR","potentialAction":[{"@type":"ReadAction","target":["https:\/\/aoesrt.ma\/%d8%a7%d9%84%d9%85%d8%a8%d8%a7%d8%af%d8%b1%d8%a7%d8%aa\/"]}]},{"@type":"BreadcrumbList","@id":"https:\/\/aoesrt.ma\/%d8%a7%d9%84%d9%85%d8%a8%d8%a7%d8%af%d8%b1%d8%a7%d8%aa\/#breadcrumb","itemListElement":[{"@type":"ListItem","position":1,"name":"Accueil","item":"https:\/\/aoesrt.ma\/"},{"@type":"ListItem","position":2,"name":"Initiatives"}]},{"@type":"WebSite","@id":"https:\/\/aoesrt.ma\/#website","url":"https:\/\/aoesrt.ma\/","name":"\u062c\u0645\u0639\u064a\u0629 \u0627\u0644\u0623\u0639\u0645\u0627\u0644 \u0627\u0644\u0627\u062c\u062a\u0645\u0627\u0639\u064a\u0629 \u0644\u0645\u0635\u0646\u0639 \u0631\u0648\u0646\u0648 \u0637\u0646\u062c\u0629","description":"AOESRT","publisher":{"@id":"https:\/\/aoesrt.ma\/#organization"},"potentialAction":[{"@type":"SearchAction","target":{"@type":"EntryPoint","urlTemplate":"https:\/\/aoesrt.ma\/?s={search_term_string}"},"query-input":{"@type":"PropertyValueSpecification","valueRequired":true,"valueName":"search_term_string"}}],"inLanguage":"fr-FR"},{"@type":"Organization","@id":"https:\/\/aoesrt.ma\/#organization","name":"\u062c\u0645\u0639\u064a\u0629 \u0627\u0644\u0623\u0639\u0645\u0627\u0644 \u0627\u0644\u0627\u062c\u062a\u0645\u0627\u0639\u064a\u0629 \u0644\u0645\u0635\u0646\u0639 \u0631\u0648\u0646\u0648 \u0637\u0646\u062c\u0629","url":"https:\/\/aoesrt.ma\/","logo":{"@type":"ImageObject","inLanguage":"fr-FR","@id":"https:\/\/aoesrt.ma\/#\/schema\/logo\/image\/","url":"https:\/\/aoesrt.ma\/wp-content\/uploads\/2024\/10\/cropped-favicon.webp","contentUrl":"https:\/\/aoesrt.ma\/wp-content\/uploads\/2024\/10\/cropped-favicon.webp","width":512,"height":512,"caption":"\u062c\u0645\u0639\u064a\u0629 \u0627\u0644\u0623\u0639\u0645\u0627\u0644 \u0627\u0644\u0627\u062c\u062a\u0645\u0627\u0639\u064a\u0629 \u0644\u0645\u0635\u0646\u0639 \u0631\u0648\u0646\u0648 \u0637\u0646\u062c\u0629"},"image":{"@id":"https:\/\/aoesrt.ma\/#\/schema\/logo\/image\/"},"sameAs":["https:\/\/web.facebook.com\/Renault.Nissan.Tanger2019"]}]}},"_links":{"self":[{"href":"https:\/\/aoesrt.ma\/fr\/wp-json\/wp\/v2\/pages\/1416","targetHints":{"allow":["GET"]}}],"collection":[{"href":"https:\/\/aoesrt.ma\/fr\/wp-json\/wp\/v2\/pages"}],"about":[{"href":"https:\/\/aoesrt.ma\/fr\/wp-json\/wp\/v2\/types\/page"}],"author":[{"embeddable":true,"href":"https:\/\/aoesrt.ma\/fr\/wp-json\/wp\/v2\/users\/1"}],"replies":[{"embeddable":true,"href":"https:\/\/aoesrt.ma\/fr\/wp-json\/wp\/v2\/comments?post=1416"}],"version-history":[{"count":11,"href":"https:\/\/aoesrt.ma\/fr\/wp-json\/wp\/v2\/pages\/1416\/revisions"}],"predecessor-version":[{"id":2488,"href":"https:\/\/aoesrt.ma\/fr\/wp-json\/wp\/v2\/pages\/1416\/revisions\/2488"}],"wp:attachment":[{"href":"https:\/\/aoesrt.ma\/fr\/wp-json\/wp\/v2\/media?parent=1416"}],"curies":[{"name":"wp","href":"https:\/\/api.w.org\/{rel}","templated":true}]}}